{"id":84,"date":"2026-03-18T09:30:02","date_gmt":"2026-03-18T09:30:02","guid":{"rendered":"https:\/\/rdk-industrievertretungen.de\/?page_id=84"},"modified":"2026-03-25T12:14:47","modified_gmt":"2026-03-25T12:14:47","slug":"pruefstaende","status":"publish","type":"page","link":"https:\/\/rdk-industrievertretungen.de\/index.php\/pruefstaende\/","title":{"rendered":"Impressum"},"content":{"rendered":"\t\t<div data-elementor-type=\"wp-page\" data-elementor-id=\"84\" class=\"elementor elementor-84\">\n\t\t\t\t<div class=\"elementor-element elementor-element-fd8c923 e-flex e-con-boxed e-con e-parent\" data-id=\"fd8c923\" data-element_type=\"container\" data-e-type=\"container\">\n\t\t\t\t\t<div class=\"e-con-inner\">\n\t\t\t\t<div class=\"elementor-element elementor-element-64e3079 elementor-widget elementor-widget-heading\" data-id=\"64e3079\" data-element_type=\"widget\" data-e-type=\"widget\" data-widget_type=\"heading.default\">\n\t\t\t\t\t<h2 class=\"elementor-heading-title elementor-size-default\">Impressum<\/h2>\t\t\t\t<\/div>\n\t\t\t\t\t<\/div>\n\t\t\t\t<\/div>\n\t\t<div class=\"elementor-element elementor-element-903fb63 e-flex e-con-boxed e-con e-parent\" data-id=\"903fb63\" data-element_type=\"container\" data-e-type=\"container\">\n\t\t\t\t\t<div class=\"e-con-inner\">\n\t\t\t\t<div class=\"elementor-element elementor-element-7913609 elementor-widget__width-initial elementor-widget elementor-widget-text-editor\" data-id=\"7913609\" data-element_type=\"widget\" data-e-type=\"widget\" data-widget_type=\"text-editor.default\">\n\t\t\t\t\t\t\t\t\t<div style=\"text-align: justify;\"><p><strong>RDK Industrievertretungen<\/strong><br \/>Ralph-Dirk Klotzkowsky e.K.<br \/>Riffelstra\u00dfe 26<br \/>82467 Garmisch-Partenkirchen<\/p><p><b>Telefon:<\/b>\u00a0+49 (0)2333 974736<br \/><b>eMail:<\/b> info[at]rdk-industrievertretungen.de<br \/><b>Internet:<\/b> www.rdk-industrievertretungen.de<\/p><p><b>Inhaber:<\/b> Ralph-Dirk Klotzkowsky<br \/><strong>Handelsregister<\/strong>: AG M\u00fcnchen (Germany) HRA 103565<\/p><h3>1. Haftungsbeschr\u00e4nkung<\/h3><p><i>Inhalte dieser Website<\/i><br \/>Die Inhalte dieser Website werden mit gr\u00f6\u00dftm\u00f6glicher Sorgfalt erstellt. Der Anbieter \u00fcbernimmt jedoch keine Gew\u00e4hr f\u00fcr die Richtigkeit, Vollst\u00e4ndigkeit und Aktualit\u00e4t der bereitgestellten Inhalte. Die Nutzung der Inhalte der Website erfolgt auf eigene Gefahr des Nutzers. Namentlich gekennzeichnete Beitr\u00e4ge geben die Meinung des jeweiligen Autors und nicht immer die Meinung des Anbieters wieder.<\/p><p><i>Verf\u00fcgbarkeit der Website<\/i><br \/>Der Anbieter wird sich bem\u00fchen, den Dienst m\u00f6glichst unterbrechungsfrei zum Abruf anzubieten. Auch bei aller Sorgfalt k\u00f6nnen aber Ausfallzeiten nicht ausgeschlossen werden. Der Anbieter beh\u00e4lt sich das Recht vor, sein Angebot jederzeit zu \u00e4ndern oder einzustellen.<\/p><p><i>Externe Links<\/i><br \/>Diese Website enth\u00e4lt Verkn\u00fcpfungen zu Websites Dritter (&#8222;externe Links&#8220;). Diese Websites unterliegen der Haftung der jeweiligen Betreiber. Der Anbieter hat bei der erstmaligen Verkn\u00fcpfung der externen Links die fremden Inhalte daraufhin \u00fcberpr\u00fcft, ob etwaige Rechtsverst\u00f6\u00dfe bestehen. Zu dem Zeitpunkt waren keine Rechtsverst\u00f6\u00dfe ersichtlich. Der Anbieter hat keinerlei Einfluss auf die aktuelle und zuk\u00fcnftige Gestaltung und auf die Inhalte der verkn\u00fcpften Seiten. Das Setzen von externen Links bedeutet nicht, dass sich der Anbieter die hinter dem Verweis oder Link liegenden Inhalte zu Eigen macht. Eine st\u00e4ndige Kontrolle dieser externen Links ist f\u00fcr den Anbieter ohne konkrete Hinweise auf Rechtsverst\u00f6\u00dfe nicht zumutbar. Bei Kenntnis von Rechtsverst\u00f6\u00dfen werden jedoch derartige externe Links unverz\u00fcglich gel\u00f6scht.<\/p><p><i>Kein Vertragsverh\u00e4ltnis<\/i><br \/>Mit der Nutzung der Website des Anbieters kommt keinerlei Vertragsverh\u00e4ltnis zwischen dem Nutzer und dem Anbieter zustande. Insofern ergeben sich auch keinerlei vertragliche oder quasivertragliche Anspr\u00fcche gegen den Anbieter.<\/p><h3>2. Urheber- und Leistungsschutzrechte<\/h3><p>Die auf dieser Website ver\u00f6ffentlichten Inhalte unterliegen dem deutschen Urheber- und Leistungsschutzrecht. Jede vom deutschen Urheber- und Leistungsschutzrecht nicht zugelassene Verwertung bedarf der vorherigen schriftlichen Zustimmung des Anbieters oder jeweiligen Rechteinhabers. Dies gilt insbesondere f\u00fcr Vervielf\u00e4ltigung, Bearbeitung, \u00dcbersetzung, Einspeicherung, Verarbeitung bzw. Wiedergabe von Inhalten in Datenbanken oder anderen elektronischen Medien und Systemen. Inhalte und Rechte Dritter sind dabei als solche gekennzeichnet. Die unerlaubte Vervielf\u00e4ltigung oder Weitergabe einzelner Inhalte oder kompletter Seiten ist nicht gestattet und strafbar. Lediglich die Herstellung von Kopien und Downloads f\u00fcr den pers\u00f6nlichen, privaten und nicht kommerziellen Gebrauch ist erlaubt.<\/p><p>Links zur Website des Anbieters sind jederzeit willkommen und bed\u00fcrfen keiner Zustimmung durch den Anbieter der Website. Die Darstellung dieser Website in fremden Frames ist nur mit Erlaubnis zul\u00e4ssig.<\/p><h3>3. Datenschutz<\/h3><p>Bitte beachten Sie unsere <a href=\"https:\/\/rdk-industrievertretungen.de\/index.php\/privacy-policy\/\">Datenschutzerkl\u00e4rung<\/a>.<\/p><h3>4. Anwendbares Recht<\/h3><p>Es gilt ausschlie\u00dflich das ma\u00dfgebliche Recht der Bundesrepublik Deutschland.<\/p><\/div>\t\t\t\t\t\t\t\t<\/div>\n\t\t\t\t\t<\/div>\n\t\t\t\t<\/div>\n\t\t\t\t<\/div>\n\t\t","protected":false},"excerpt":{"rendered":"<p>Impressum RDK IndustrievertretungenRalph-Dirk Klotzkowsky e.K.Riffelstra\u00dfe 2682467 Garmisch-Partenkirchen Telefon:\u00a0+49 (0)2333 974736eMail: info[at]rdk-industrievertretungen.deInternet: www.rdk-industrievertretungen.de Inhaber: Ralph-Dirk KlotzkowskyHandelsregister: AG M\u00fcnchen (Germany) HRA 103565 [&hellip;]<\/p>\n","protected":false},"author":1,"featured_media":0,"parent":0,"menu_order":0,"comment_status":"closed","ping_status":"closed","template":"","meta":{"site-sidebar-layout":"no-sidebar","site-content-layout":"","ast-site-content-layout":"full-width-container","site-content-style":"default","site-sidebar-style":"default","ast-global-header-display":"","ast-banner-title-visibility":"","ast-main-header-display":"","ast-hfb-above-header-display":"","ast-hfb-below-header-display":"","ast-hfb-mobile-header-display":"","site-post-title":"disabled","ast-breadcrumbs-content":"","ast-featured-img":"disabled","footer-sml-layout":"","ast-disable-related-posts":"","theme-transparent-header-meta":"","adv-header-id-meta":"","stick-header-meta":"","header-above-stick-meta":"","header-main-stick-meta":"","header-below-stick-meta":"","astra-migrate-meta-layouts":"default","ast-page-background-enabled":"default","ast-page-background-meta":{"desktop":{"background-color":"var(--ast-global-color-5)","background-image":"","background-repeat":"repeat","background-position":"center center","background-size":"auto","background-attachment":"scroll","background-type":"","background-media":"","overlay-type":"","overlay-color":"","overlay-opacity":"","overlay-gradient":""},"tablet":{"background-color":"","background-image":"","background-repeat":"repeat","background-position":"center center","background-size":"auto","background-attachment":"scroll","background-type":"","background-media":"","overlay-type":"","overlay-color":"","overlay-opacity":"","overlay-gradient":""},"mobile":{"background-color":"","background-image":"","background-repeat":"repeat","background-position":"center center","background-size":"auto","background-attachment":"scroll","background-type":"","background-media":"","overlay-type":"","overlay-color":"","overlay-opacity":"","overlay-gradient":""}},"ast-content-background-meta":{"desktop":{"background-color":"var(--ast-global-color-4)","background-image":"","background-repeat":"repeat","background-position":"center center","background-size":"auto","background-attachment":"scroll","background-type":"","background-media":"","overlay-type":"","overlay-color":"","overlay-opacity":"","overlay-gradient":""},"tablet":{"background-color":"var(--ast-global-color-4)","background-image":"","background-repeat":"repeat","background-position":"center center","background-size":"auto","background-attachment":"scroll","background-type":"","background-media":"","overlay-type":"","overlay-color":"","overlay-opacity":"","overlay-gradient":""},"mobile":{"background-color":"var(--ast-global-color-4)","background-image":"","background-repeat":"repeat","background-position":"center center","background-size":"auto","background-attachment":"scroll","background-type":"","background-media":"","overlay-type":"","overlay-color":"","overlay-opacity":"","overlay-gradient":""}},"footnotes":""},"class_list":["post-84","page","type-page","status-publish","hentry"],"yoast_head":"<!-- This site is optimized with the Yoast SEO plugin v27.2 - https:\/\/yoast.com\/product\/yoast-seo-wordpress\/ -->\n<title>Impressum - RDK Industrievertretungen<\/title>\n<meta name=\"robots\" content=\"noindex, nofollow\" \/>\n<meta property=\"og:locale\" content=\"de_DE\" \/>\n<meta property=\"og:type\" content=\"article\" \/>\n<meta property=\"og:title\" content=\"Impressum - RDK Industrievertretungen\" \/>\n<meta property=\"og:description\" content=\"Impressum RDK IndustrievertretungenRalph-Dirk Klotzkowsky e.K.Riffelstra\u00dfe 2682467 Garmisch-Partenkirchen Telefon:\u00a0+49 (0)2333 974736eMail: info[at]rdk-industrievertretungen.deInternet: www.rdk-industrievertretungen.de Inhaber: Ralph-Dirk KlotzkowskyHandelsregister: AG M\u00fcnchen (Germany) HRA 103565 [&hellip;]\" \/>\n<meta property=\"og:url\" content=\"https:\/\/rdk-industrievertretungen.de\/index.php\/pruefstaende\/\" \/>\n<meta property=\"og:site_name\" content=\"RDK Industrievertretungen\" \/>\n<meta property=\"article:modified_time\" content=\"2026-03-25T12:14:47+00:00\" \/>\n<meta name=\"twitter:card\" content=\"summary_large_image\" \/>\n<meta name=\"twitter:label1\" content=\"Gesch\u00e4tzte Lesezeit\" \/>\n\t<meta name=\"twitter:data1\" content=\"3\u00a0Minuten\" \/>\n<script type=\"application\/ld+json\" class=\"yoast-schema-graph\">{\"@context\":\"https:\/\/schema.org\",\"@graph\":[{\"@type\":\"WebPage\",\"@id\":\"https:\/\/rdk-industrievertretungen.de\/index.php\/pruefstaende\/\",\"url\":\"https:\/\/rdk-industrievertretungen.de\/index.php\/pruefstaende\/\",\"name\":\"Impressum - RDK Industrievertretungen\",\"isPartOf\":{\"@id\":\"https:\/\/rdk-industrievertretungen.de\/#website\"},\"datePublished\":\"2026-03-18T09:30:02+00:00\",\"dateModified\":\"2026-03-25T12:14:47+00:00\",\"breadcrumb\":{\"@id\":\"https:\/\/rdk-industrievertretungen.de\/index.php\/pruefstaende\/#breadcrumb\"},\"inLanguage\":\"de\",\"potentialAction\":[{\"@type\":\"ReadAction\",\"target\":[\"https:\/\/rdk-industrievertretungen.de\/index.php\/pruefstaende\/\"]}]},{\"@type\":\"BreadcrumbList\",\"@id\":\"https:\/\/rdk-industrievertretungen.de\/index.php\/pruefstaende\/#breadcrumb\",\"itemListElement\":[{\"@type\":\"ListItem\",\"position\":1,\"name\":\"Start\",\"item\":\"https:\/\/rdk-industrievertretungen.de\/\"},{\"@type\":\"ListItem\",\"position\":2,\"name\":\"Impressum\"}]},{\"@type\":\"WebSite\",\"@id\":\"https:\/\/rdk-industrievertretungen.de\/#website\",\"url\":\"https:\/\/rdk-industrievertretungen.de\/\",\"name\":\"RDK Industrievertretungen\",\"description\":\"\",\"publisher\":{\"@id\":\"https:\/\/rdk-industrievertretungen.de\/#organization\"},\"potentialAction\":[{\"@type\":\"SearchAction\",\"target\":{\"@type\":\"EntryPoint\",\"urlTemplate\":\"https:\/\/rdk-industrievertretungen.de\/?s={search_term_string}\"},\"query-input\":{\"@type\":\"PropertyValueSpecification\",\"valueRequired\":true,\"valueName\":\"search_term_string\"}}],\"inLanguage\":\"de\"},{\"@type\":\"Organization\",\"@id\":\"https:\/\/rdk-industrievertretungen.de\/#organization\",\"name\":\"RDK Industrievertretungen\",\"url\":\"https:\/\/rdk-industrievertretungen.de\/\",\"logo\":{\"@type\":\"ImageObject\",\"inLanguage\":\"de\",\"@id\":\"https:\/\/rdk-industrievertretungen.de\/#\/schema\/logo\/image\/\",\"url\":\"https:\/\/rdk-industrievertretungen.de\/wp-content\/uploads\/2026\/03\/cropped-RDKLogo800.png\",\"contentUrl\":\"https:\/\/rdk-industrievertretungen.de\/wp-content\/uploads\/2026\/03\/cropped-RDKLogo800.png\",\"width\":800,\"height\":196,\"caption\":\"RDK Industrievertretungen\"},\"image\":{\"@id\":\"https:\/\/rdk-industrievertretungen.de\/#\/schema\/logo\/image\/\"}}]}<\/script>\n<!-- \/ Yoast SEO plugin. -->","yoast_head_json":{"title":"Impressum - RDK Industrievertretungen","robots":{"index":"noindex","follow":"nofollow"},"og_locale":"de_DE","og_type":"article","og_title":"Impressum - RDK Industrievertretungen","og_description":"Impressum RDK IndustrievertretungenRalph-Dirk Klotzkowsky e.K.Riffelstra\u00dfe 2682467 Garmisch-Partenkirchen Telefon:\u00a0+49 (0)2333 974736eMail: info[at]rdk-industrievertretungen.deInternet: www.rdk-industrievertretungen.de Inhaber: Ralph-Dirk KlotzkowskyHandelsregister: AG M\u00fcnchen (Germany) HRA 103565 [&hellip;]","og_url":"https:\/\/rdk-industrievertretungen.de\/index.php\/pruefstaende\/","og_site_name":"RDK Industrievertretungen","article_modified_time":"2026-03-25T12:14:47+00:00","twitter_card":"summary_large_image","twitter_misc":{"Gesch\u00e4tzte Lesezeit":"3\u00a0Minuten"},"schema":{"@context":"https:\/\/schema.org","@graph":[{"@type":"WebPage","@id":"https:\/\/rdk-industrievertretungen.de\/index.php\/pruefstaende\/","url":"https:\/\/rdk-industrievertretungen.de\/index.php\/pruefstaende\/","name":"Impressum - RDK Industrievertretungen","isPartOf":{"@id":"https:\/\/rdk-industrievertretungen.de\/#website"},"datePublished":"2026-03-18T09:30:02+00:00","dateModified":"2026-03-25T12:14:47+00:00","breadcrumb":{"@id":"https:\/\/rdk-industrievertretungen.de\/index.php\/pruefstaende\/#breadcrumb"},"inLanguage":"de","potentialAction":[{"@type":"ReadAction","target":["https:\/\/rdk-industrievertretungen.de\/index.php\/pruefstaende\/"]}]},{"@type":"BreadcrumbList","@id":"https:\/\/rdk-industrievertretungen.de\/index.php\/pruefstaende\/#breadcrumb","itemListElement":[{"@type":"ListItem","position":1,"name":"Start","item":"https:\/\/rdk-industrievertretungen.de\/"},{"@type":"ListItem","position":2,"name":"Impressum"}]},{"@type":"WebSite","@id":"https:\/\/rdk-industrievertretungen.de\/#website","url":"https:\/\/rdk-industrievertretungen.de\/","name":"RDK Industrievertretungen","description":"","publisher":{"@id":"https:\/\/rdk-industrievertretungen.de\/#organization"},"potentialAction":[{"@type":"SearchAction","target":{"@type":"EntryPoint","urlTemplate":"https:\/\/rdk-industrievertretungen.de\/?s={search_term_string}"},"query-input":{"@type":"PropertyValueSpecification","valueRequired":true,"valueName":"search_term_string"}}],"inLanguage":"de"},{"@type":"Organization","@id":"https:\/\/rdk-industrievertretungen.de\/#organization","name":"RDK Industrievertretungen","url":"https:\/\/rdk-industrievertretungen.de\/","logo":{"@type":"ImageObject","inLanguage":"de","@id":"https:\/\/rdk-industrievertretungen.de\/#\/schema\/logo\/image\/","url":"https:\/\/rdk-industrievertretungen.de\/wp-content\/uploads\/2026\/03\/cropped-RDKLogo800.png","contentUrl":"https:\/\/rdk-industrievertretungen.de\/wp-content\/uploads\/2026\/03\/cropped-RDKLogo800.png","width":800,"height":196,"caption":"RDK Industrievertretungen"},"image":{"@id":"https:\/\/rdk-industrievertretungen.de\/#\/schema\/logo\/image\/"}}]}},"_links":{"self":[{"href":"https:\/\/rdk-industrievertretungen.de\/index.php\/wp-json\/wp\/v2\/pages\/84","targetHints":{"allow":["GET"]}}],"collection":[{"href":"https:\/\/rdk-industrievertretungen.de\/index.php\/wp-json\/wp\/v2\/pages"}],"about":[{"href":"https:\/\/rdk-industrievertretungen.de\/index.php\/wp-json\/wp\/v2\/types\/page"}],"author":[{"embeddable":true,"href":"https:\/\/rdk-industrievertretungen.de\/index.php\/wp-json\/wp\/v2\/users\/1"}],"replies":[{"embeddable":true,"href":"https:\/\/rdk-industrievertretungen.de\/index.php\/wp-json\/wp\/v2\/comments?post=84"}],"version-history":[{"count":29,"href":"https:\/\/rdk-industrievertretungen.de\/index.php\/wp-json\/wp\/v2\/pages\/84\/revisions"}],"predecessor-version":[{"id":999,"href":"https:\/\/rdk-industrievertretungen.de\/index.php\/wp-json\/wp\/v2\/pages\/84\/revisions\/999"}],"wp:attachment":[{"href":"https:\/\/rdk-industrievertretungen.de\/index.php\/wp-json\/wp\/v2\/media?parent=84"}],"curies":[{"name":"wp","href":"https:\/\/api.w.org\/{rel}","templated":true}]}}